{"id":2331,"date":"2025-01-30T06:13:36","date_gmt":"2025-01-30T06:13:36","guid":{"rendered":"https:\/\/pellecures.com\/?post_type=product&#038;p=2331"},"modified":"2025-03-04T12:01:38","modified_gmt":"2025-03-04T12:01:38","slug":"agf39","status":"publish","type":"product","link":"https:\/\/pellecures.com\/tr\/product\/agf39\/","title":{"rendered":"AGF39 VIP Sa\u00e7 Mezoterapisi Tedavisi | Pellecure Sa\u00e7 Mezoterapisi"},"content":{"rendered":"\t\t<div data-elementor-type=\"product-post\" data-elementor-id=\"2331\" class=\"elementor elementor-2331 elementor-2330\" data-elementor-post-type=\"product\">\n\t\t\t\t<div class=\"wd-negative-gap elementor-element elementor-element-c3b8531 e-flex e-con-boxed e-con e-parent\" data-id=\"c3b8531\" data-element_type=\"container\">\n\t\t\t\t\t<div class=\"e-con-inner\">\n\t\t<div class=\"elementor-element elementor-element-e490fad e-con-full e-flex e-con e-child\" data-id=\"e490fad\" data-element_type=\"container\">\n\t\t\t\t<div class=\"elementor-element elementor-element-eafbd65 elementor-widget elementor-widget-image\" data-id=\"eafbd65\" data-element_type=\"widget\" data-widget_type=\"image.default\">\n\t\t\t\t<div class=\"elementor-widget-container\">\n\t\t\t\t\t\t\t\t\t\t\t\t\t\t\t<img decoding=\"async\" width=\"1200\" height=\"1600\" src=\"https:\/\/pellecures.com\/wp-content\/uploads\/2025\/01\/pellecure-sac-bakimi-agf39.webp\" class=\"attachment-full size-full wp-image-2360\" alt=\"pellecure sa\u00e7 bak\u0131m\u0131 agf39\" loading=\"lazy\" srcset=\"https:\/\/pellecures.com\/wp-content\/uploads\/2025\/01\/pellecure-sac-bakimi-agf39.webp 1200w, https:\/\/pellecures.com\/wp-content\/uploads\/2025\/01\/pellecure-sac-bakimi-agf39-225x300.webp 225w, https:\/\/pellecures.com\/wp-content\/uploads\/2025\/01\/pellecure-sac-bakimi-agf39-768x1024.webp 768w, https:\/\/pellecures.com\/wp-content\/uploads\/2025\/01\/pellecure-sac-bakimi-agf39-1152x1536.webp 1152w, https:\/\/pellecures.com\/wp-content\/uploads\/2025\/01\/pellecure-sac-bakimi-agf39-150x200.webp 150w\" sizes=\"auto, (max-width: 1200px) 100vw, 1200px\" \/>\t\t\t\t\t\t\t\t\t\t\t\t\t\t\t<\/div>\n\t\t\t\t<\/div>\n\t\t\t\t<div class=\"elementor-element elementor-element-70b283e elementor-widget elementor-widget-image\" data-id=\"70b283e\" data-element_type=\"widget\" data-widget_type=\"image.default\">\n\t\t\t\t<div class=\"elementor-widget-container\">\n\t\t\t\t\t\t\t\t\t\t\t\t\t\t\t<img decoding=\"async\" width=\"1024\" height=\"702\" src=\"https:\/\/pellecures.com\/wp-content\/uploads\/2025\/01\/agf39-pellecure-1024x702.webp\" class=\"attachment-large size-large wp-image-2350\" alt=\"agf39 pellecure\" loading=\"lazy\" srcset=\"https:\/\/pellecures.com\/wp-content\/uploads\/2025\/01\/agf39-pellecure-1024x702.webp 1024w, https:\/\/pellecures.com\/wp-content\/uploads\/2025\/01\/agf39-pellecure-300x206.webp 300w, https:\/\/pellecures.com\/wp-content\/uploads\/2025\/01\/agf39-pellecure-768x526.webp 768w, https:\/\/pellecures.com\/wp-content\/uploads\/2025\/01\/agf39-pellecure-150x103.webp 150w, https:\/\/pellecures.com\/wp-content\/uploads\/2025\/01\/agf39-pellecure.webp 1080w\" sizes=\"auto, (max-width: 1024px) 100vw, 1024px\" \/>\t\t\t\t\t\t\t\t\t\t\t\t\t\t\t<\/div>\n\t\t\t\t<\/div>\n\t\t\t\t<\/div>\n\t\t<div class=\"elementor-element elementor-element-4c24b22 e-con-full e-flex e-con e-child\" data-id=\"4c24b22\" data-element_type=\"container\">\n\t\t\t\t<div class=\"elementor-element elementor-element-f1f9d20 elementor-widget elementor-widget-heading\" data-id=\"f1f9d20\" data-element_type=\"widget\" data-widget_type=\"heading.default\">\n\t\t\t\t<div class=\"elementor-widget-container\">\n\t\t\t\t\t<h2 class=\"elementor-heading-title elementor-size-default\">AGF39 VIP Sa\u00e7 Mezoterapisi Tedavisi<\/h2>\t\t\t\t<\/div>\n\t\t\t\t<\/div>\n\t\t\t\t<div class=\"elementor-element elementor-element-635ad01 color-scheme-inherit text-left elementor-widget elementor-widget-text-editor\" data-id=\"635ad01\" data-element_type=\"widget\" data-widget_type=\"text-editor.default\">\n\t\t\t\t<div class=\"elementor-widget-container\">\n\t\t\t\t\t\t\t\t\t<p><span style=\"font-weight: 400;\"><strong>AGF39<\/strong> sa\u00e7 d\u00f6k\u00fclmesine etkili bir \u00e7\u00f6z\u00fcm sa\u011flayan yenilik\u00e7i bir <strong>mezoterapi tedavisidir<\/strong>. \u00d6zel form\u00fcl\u00fc ile sa\u00e7 k\u00f6klerini uyar\u0131r ve sa\u00e7 b\u00fcy\u00fcmesini destekler. Profesyonel klinik ortamlar i\u00e7in tasarlanan bu tedavi, sa\u00e7 sa\u011fl\u0131\u011f\u0131n\u0131 iyile\u015ftirmek i\u00e7in ki\u015fiselle\u015ftirilmi\u015f \u00e7\u00f6z\u00fcmler sunar.  <\/span><\/p>\n\t\t\t\t\t\t\t\t<\/div>\n\t\t\t\t<\/div>\n\t\t\t\t<div class=\"elementor-element elementor-element-09a6fb8 elementor-widget elementor-widget-heading\" data-id=\"09a6fb8\" data-element_type=\"widget\" data-widget_type=\"heading.default\">\n\t\t\t\t<div class=\"elementor-widget-container\">\n\t\t\t\t\t<h3 class=\"elementor-heading-title elementor-size-default\">AGF39'da \u00d6ne \u00c7\u0131kanlar<\/h3>\t\t\t\t<\/div>\n\t\t\t\t<\/div>\n\t\t\t\t<div class=\"elementor-element elementor-element-431b272 color-scheme-inherit text-left elementor-widget elementor-widget-text-editor\" data-id=\"431b272\" data-element_type=\"widget\" data-widget_type=\"text-editor.default\">\n\t\t\t\t<div class=\"elementor-widget-container\">\n\t\t\t\t\t\t\t\t\t<p><span style=\"font-weight: 400;\"><strong>AGF39<\/strong>, sa\u00e7 d\u00f6k\u00fclmesini \u00f6nlemeye ve <strong>yeni sa\u00e7 olu\u015fumunu destek<\/strong>lemeye yard\u0131mc\u0131 olan g\u00fc\u00e7l\u00fc bile\u015fenleri ve ileri teknolojisi ile \u00f6ne \u00e7\u0131kar. Sa\u00e7 k\u00f6klerini g\u00fc\u00e7lendirirken sa\u00e7lar\u0131n daha sa\u011fl\u0131kl\u0131 ve dolgun g\u00f6r\u00fcnmesini sa\u011flar. Ki\u015finin sa\u00e7 tipine ve sa\u00e7 d\u00f6k\u00fclme \u015fekline g\u00f6re \u00f6zelle\u015ftirilebilen tedavi h\u0131zl\u0131, pratik ve minimum yan etki riskine sahiptir.  <\/span><\/p>\n\t\t\t\t\t\t\t\t<\/div>\n\t\t\t\t<\/div>\n\t\t\t\t<div class=\"elementor-element elementor-element-8b05c70 elementor-widget elementor-widget-heading\" data-id=\"8b05c70\" data-element_type=\"widget\" data-widget_type=\"heading.default\">\n\t\t\t\t<div class=\"elementor-widget-container\">\n\t\t\t\t\t<h3 class=\"elementor-heading-title elementor-size-default\">Kimler i\u00e7in \u0130dealdir?<\/h3>\t\t\t\t<\/div>\n\t\t\t\t<\/div>\n\t\t\t\t<div class=\"elementor-element elementor-element-dd8ed7a color-scheme-inherit text-left elementor-widget elementor-widget-text-editor\" data-id=\"dd8ed7a\" data-element_type=\"widget\" data-widget_type=\"text-editor.default\">\n\t\t\t\t<div class=\"elementor-widget-container\">\n\t\t\t\t\t\t\t\t\t<p><span style=\"font-weight: 400;\"><strong>AGF39<\/strong> sa\u00e7 d\u00f6k\u00fclmesi ya\u015fayan herkes i\u00e7in uygundur. Genetik fakt\u00f6rlerden, \u00e7evresel etkilerden veya strese ba\u011fl\u0131 <strong>sa\u00e7<\/strong> d\u00f6k\u00fclmesinden etkilenen bireyler bu tedaviden faydalanabilir. \u0130nce telli sa\u00e7lar\u0131 olan veya sa\u00e7lar\u0131n\u0131n g\u00fcc\u00fc konusunda endi\u015fe duyan ki\u015filer de AGF39&#8217;dan faydalanabilir. Ya\u015f s\u0131n\u0131r\u0131 yoktur, bu da onu daha sa\u011fl\u0131kl\u0131 sa\u00e7lar arayan herkes i\u00e7in ideal bir se\u00e7enek haline getirir.   <\/span><\/p>\n\t\t\t\t\t\t\t\t<\/div>\n\t\t\t\t<\/div>\n\t\t\t\t<div class=\"elementor-element elementor-element-57138f4 elementor-widget elementor-widget-heading\" data-id=\"57138f4\" data-element_type=\"widget\" data-widget_type=\"heading.default\">\n\t\t\t\t<div class=\"elementor-widget-container\">\n\t\t\t\t\t<h3 class=\"elementor-heading-title elementor-size-default\">Nas\u0131l kullan\u0131l\u0131r?<\/h3>\t\t\t\t<\/div>\n\t\t\t\t<\/div>\n\t\t\t\t<div class=\"elementor-element elementor-element-0d0a216 color-scheme-inherit text-left elementor-widget elementor-widget-text-editor\" data-id=\"0d0a216\" data-element_type=\"widget\" data-widget_type=\"text-editor.default\">\n\t\t\t\t<div class=\"elementor-widget-container\">\n\t\t\t\t\t\t\t\t\t<p><span style=\"font-weight: 400;\"><strong>AGF39<\/strong>, profesyoneller taraf\u0131ndan uygulanan bir <strong>mezoterapi tedavisidir<\/strong>. Bu i\u015flem s\u0131ras\u0131nda, \u00f6zel olarak form\u00fcle edilmi\u015f serumlar kafa derisine enjekte edilerek do\u011frudan sa\u00e7 k\u00f6klerine ula\u015f\u0131l\u0131r. Uygulama, sa\u00e7\u0131n durumuna ba\u011fl\u0131 olarak d\u00fczenli aral\u0131klarla ger\u00e7ekle\u015ftirilir. Tedavi genellikle 6 ila 8 seans s\u00fcrer, ancak sonu\u00e7lar bireysel fakt\u00f6rlere ba\u011fl\u0131 olarak de\u011fi\u015febilir.   <\/span><\/p>\n\t\t\t\t\t\t\t\t<\/div>\n\t\t\t\t<\/div>\n\t\t\t\t<div class=\"elementor-element elementor-element-d461355 elementor-widget elementor-widget-heading\" data-id=\"d461355\" data-element_type=\"widget\" data-widget_type=\"heading.default\">\n\t\t\t\t<div class=\"elementor-widget-container\">\n\t\t\t\t\t<h3 class=\"elementor-heading-title elementor-size-default\">Do\u011fal ve G\u00fcvenilir \u0130\u00e7erik<\/h3>\t\t\t\t<\/div>\n\t\t\t\t<\/div>\n\t\t\t\t<div class=\"elementor-element elementor-element-174401b color-scheme-inherit text-left elementor-widget elementor-widget-text-editor\" data-id=\"174401b\" data-element_type=\"widget\" data-widget_type=\"text-editor.default\">\n\t\t\t\t<div class=\"elementor-widget-container\">\n\t\t\t\t\t\t\t\t\t<p><span style=\"font-weight: 400;\"><strong>AGF39<\/strong> zararl\u0131 kimyasallar i\u00e7ermeyen do\u011fal, g\u00fcvenli ve g\u00fcvenilir bile\u015fenler i\u00e7erir. Bu bak\u0131m, sa\u00e7\u0131 ihtiya\u00e7 duydu\u011fu <strong>vitamin ve minerallerle<\/strong> besleyerek sa\u00e7 sa\u011fl\u0131\u011f\u0131n\u0131 do\u011fal y\u00f6ntemlerle iyile\u015ftirir. Form\u00fcldeki bile\u015fenler sadece sa\u00e7 k\u00f6klerini beslemekle kalmaz, ayn\u0131 zamanda daha g\u00fc\u00e7l\u00fc ve daha canl\u0131 sa\u00e7lar\u0131 destekler.  <\/span><\/p>\n\t\t\t\t\t\t\t\t<\/div>\n\t\t\t\t<\/div>\n\t\t\t\t<div class=\"elementor-element elementor-element-915f8eb elementor-widget elementor-widget-heading\" data-id=\"915f8eb\" data-element_type=\"widget\" data-widget_type=\"heading.default\">\n\t\t\t\t<div class=\"elementor-widget-container\">\n\t\t\t\t\t<h3 class=\"elementor-heading-title elementor-size-default\">Neden Pellecure \u015eampuan\u0131 Se\u00e7melisiniz?<\/h3>\t\t\t\t<\/div>\n\t\t\t\t<\/div>\n\t\t\t\t<div class=\"elementor-element elementor-element-5395ff5 color-scheme-inherit text-left elementor-widget elementor-widget-text-editor\" data-id=\"5395ff5\" data-element_type=\"widget\" data-widget_type=\"text-editor.default\">\n\t\t\t\t<div class=\"elementor-widget-container\">\n\t\t\t\t\t\t\t\t\t<p><span style=\"font-weight: 400;\"><strong>AGF39<\/strong><strong> sa\u00e7 d\u00f6k\u00fclmesini \u00f6nlemek<\/strong> ve yeni sa\u00e7 olu\u015fumunu te\u015fvik etmek i\u00e7in en modern ve etkili tedavilerden biridir. Do\u011fal ve g\u00fcvenli bile\u015fenlere sahip olan bu tedavi minimal invaziv ve olduk\u00e7a etkilidir. Tedavi profesyoneller taraf\u0131ndan uyguland\u0131\u011f\u0131ndan, her birey i\u00e7in ki\u015fiselle\u015ftirilmi\u015f bir plan olu\u015fturulabilir. Ayr\u0131ca, AGF39 h\u0131zl\u0131 sonu\u00e7lar ve uzun s\u00fcreli etkiler sunar.   <\/span><\/p>\n\t\t\t\t\t\t\t\t<\/div>\n\t\t\t\t<\/div>\n\t\t\t\t<div class=\"elementor-element elementor-element-87ffbe8 elementor-widget elementor-widget-heading\" data-id=\"87ffbe8\" data-element_type=\"widget\" data-widget_type=\"heading.default\">\n\t\t\t\t<div class=\"elementor-widget-container\">\n\t\t\t\t\t<h3 class=\"elementor-heading-title elementor-size-default\">\u0130\u00e7indekiler:<\/h3>\t\t\t\t<\/div>\n\t\t\t\t<\/div>\n\t\t\t\t<div class=\"elementor-element elementor-element-f20893e color-scheme-inherit text-left elementor-widget elementor-widget-text-editor\" data-id=\"f20893e\" data-element_type=\"widget\" data-widget_type=\"text-editor.default\">\n\t\t\t\t<div class=\"elementor-widget-container\">\n\t\t\t\t\t\t\t\t\t<p><span style=\"font-weight: 400;\"><strong>AGF39&#8217;da kullan\u0131lan<\/strong> bile\u015fenler, sa\u00e7 sa\u011fl\u0131\u011f\u0131n\u0131 do\u011frudan etkileyen vitaminler, mineraller ve aktif bile\u015fenlerin bir kombinasyonudur. Bu bile\u015fenler sa\u00e7 b\u00fcy\u00fcmesini te\u015fvik etmeye, sa\u00e7 d\u00f6k\u00fclmesini \u00f6nlemeye ve genel sa\u00e7 sa\u011fl\u0131\u011f\u0131n\u0131 iyile\u015ftirmeye yard\u0131mc\u0131 olur. Tedavi s\u0131ras\u0131nda kullan\u0131lan serum sa\u00e7 k\u00f6klerini besler ve canland\u0131r\u0131r, daha sa\u011fl\u0131kl\u0131 ve dolgun sa\u00e7lar sa\u011flar.  <\/span><\/p>\n\t\t\t\t\t\t\t\t<\/div>\n\t\t\t\t<\/div>\n\t\t\t\t<div class=\"elementor-element elementor-element-1f0a390 elementor-widget elementor-widget-heading\" data-id=\"1f0a390\" data-element_type=\"widget\" data-widget_type=\"heading.default\">\n\t\t\t\t<div class=\"elementor-widget-container\">\n\t\t\t\t\t<h3 class=\"elementor-heading-title elementor-size-default\">DUYURULAR:<\/h3>\t\t\t\t<\/div>\n\t\t\t\t<\/div>\n\t\t\t\t<div class=\"elementor-element elementor-element-3d21d53 color-scheme-inherit text-left elementor-widget elementor-widget-text-editor\" data-id=\"3d21d53\" data-element_type=\"widget\" data-widget_type=\"text-editor.default\">\n\t\t\t\t<div class=\"elementor-widget-container\">\n\t\t\t\t\t\t\t\t\t<p><span style=\"font-weight: 400;\"><strong>AGF39<\/strong> do\u011fru \u015fekilde uygulanmazsa, istenmeyen sonu\u00e7lara yol a\u00e7abilir. Bu nedenle, tedaviye ba\u015flamadan \u00f6nce bir profesyonele dan\u0131\u015fmak \u00f6nemlidir. Ayr\u0131ca, bak\u0131m sonras\u0131 talimatlar\u0131 dikkatle takip etmek \u00f6nemlidir. Tedavi s\u00fcreci boyunca sa\u00e7\u0131n d\u00fczenli olarak temizlenmesi ve beslenmesi tavsiye edilir.   <\/span><\/p>\n\t\t\t\t\t\t\t\t<\/div>\n\t\t\t\t<\/div>\n\t\t\t\t<\/div>\n\t\t\t\t\t<\/div>\n\t\t\t\t<\/div>\n\t\t\t\t<\/div>\n\t\t","protected":false},"excerpt":{"rendered":"<p>Sa\u00e7 ekimi sonras\u0131 do\u011fru bak\u0131m \u00fcr\u00fcnlerinin kullan\u0131lmas\u0131, sa\u00e7lar\u0131n sa\u011fl\u0131kl\u0131 uzamas\u0131n\u0131 desteklemek ve sa\u00e7 derisini korumak i\u00e7in b\u00fcy\u00fck \u00f6nem ta\u015f\u0131r.<\/p>\n","protected":false},"featured_media":2333,"comment_status":"open","ping_status":"closed","template":"","meta":[],"product_brand":[],"product_cat":[109,86],"product_tag":[],"class_list":{"0":"post-2331","1":"product","2":"type-product","3":"status-publish","4":"has-post-thumbnail","6":"product_cat-agf-39-tr","7":"product_cat-sac-urunleri","9":"first","10":"instock","11":"shipping-taxable","12":"purchasable","13":"product-type-simple"},"_links":{"self":[{"href":"https:\/\/pellecures.com\/tr\/wp-json\/wp\/v2\/product\/2331","targetHints":{"allow":["GET"]}}],"collection":[{"href":"https:\/\/pellecures.com\/tr\/wp-json\/wp\/v2\/product"}],"about":[{"href":"https:\/\/pellecures.com\/tr\/wp-json\/wp\/v2\/types\/product"}],"replies":[{"embeddable":true,"href":"https:\/\/pellecures.com\/tr\/wp-json\/wp\/v2\/comments?post=2331"}],"version-history":[{"count":7,"href":"https:\/\/pellecures.com\/tr\/wp-json\/wp\/v2\/product\/2331\/revisions"}],"predecessor-version":[{"id":2483,"href":"https:\/\/pellecures.com\/tr\/wp-json\/wp\/v2\/product\/2331\/revisions\/2483"}],"wp:featuredmedia":[{"embeddable":true,"href":"https:\/\/pellecures.com\/tr\/wp-json\/wp\/v2\/media\/2333"}],"wp:attachment":[{"href":"https:\/\/pellecures.com\/tr\/wp-json\/wp\/v2\/media?parent=2331"}],"wp:term":[{"taxonomy":"product_brand","embeddable":true,"href":"https:\/\/pellecures.com\/tr\/wp-json\/wp\/v2\/product_brand?post=2331"},{"taxonomy":"product_cat","embeddable":true,"href":"https:\/\/pellecures.com\/tr\/wp-json\/wp\/v2\/product_cat?post=2331"},{"taxonomy":"product_tag","embeddable":true,"href":"https:\/\/pellecures.com\/tr\/wp-json\/wp\/v2\/product_tag?post=2331"}],"curies":[{"name":"wp","href":"https:\/\/api.w.org\/{rel}","templated":true}]}}